{"id":25521,"date":"2022-10-17T08:38:35","date_gmt":"2022-10-17T08:38:35","guid":{"rendered":"https:\/\/kuchlerblockhaus.web11.mehrdafon.com\/?page_id=25521"},"modified":"2023-03-08T09:36:57","modified_gmt":"2023-03-08T09:36:57","slug":"faq","status":"publish","type":"page","link":"https:\/\/kuchlerblockhaus.web11.mehrdafon.com\/en\/faq\/","title":{"rendered":"FAQ"},"content":{"rendered":"<section class=\"wpb-content-wrapper\"><div class=\"vc_row-full-width-before\"><\/div><div id=\"vc_row-6a05bb81e1a28\" data-vc-full-width=\"true\" data-vc-full-width-init=\"false\" data-vc-stretch-content=\"true\" class=\"vc_row wpb_row vc_row-fluid vc_custom_1678183967703 thegem-custom-6a05bb81e19d33674 vc_row-has-fill\"><script type=\"text\/javascript\">if (typeof(gem_fix_fullwidth_position) == \"function\") { gem_fix_fullwidth_position(document.getElementById(\"vc_row-6a05bb81e1a28\")); }<\/script><style>.thegem-custom-6a05bb81e19d33674.wpb_row {background-position: center center !important;}<\/style><div class=\"wpb_column vc_column_container vc_col-sm-8 thegem-custom-6a05bb81e1fc89755\"><div class=\"vc_column-inner thegem-custom-inner-6a05bb81e1fca\"><div class=\"wpb_wrapper thegem-custom-6a05bb81e1fc89755\">\r\n\t\r\n\t\t<div class=\"wpb_text_column wpb_content_element  thegem-vc-text thegem-custom-6a05bb81e24558365\"  >\r\n\t\t\t<div class=\"wpb_wrapper\">\r\n\t\t\t\t<p><strong><span style=\"color: #ffffff;\">H\u00c4UFIG GESTELLTE<\/span><\/strong><\/p>\n\r\n\t\t\t<\/div>\r\n\t\t\t<style>@media screen and (max-width: 1023px) {.thegem-vc-text.thegem-custom-6a05bb81e24558365{display: block!important;}}@media screen and (max-width: 767px) {.thegem-vc-text.thegem-custom-6a05bb81e24558365{display: block!important;}}@media screen and (max-width: 1023px) {.thegem-vc-text.thegem-custom-6a05bb81e24558365{position: relative !important;}}@media screen and (max-width: 767px) {.thegem-vc-text.thegem-custom-6a05bb81e24558365{position: relative !important;}}<\/style>\r\n\t\t<\/div>\r\n\t\r\n\r\n\t\r\n\t\t<div class=\"wpb_text_column wpb_content_element  thegem-vc-text thegem-custom-6a05bb81e26cb5930\"  >\r\n\t\t\t<div class=\"wpb_wrapper\">\r\n\t\t\t\t<h2><span style=\"color: #5e4336;\">Fragen &amp; Antworten<\/span><\/h2>\n\r\n\t\t\t<\/div>\r\n\t\t\t<style>@media screen and (max-width: 1023px) {.thegem-vc-text.thegem-custom-6a05bb81e26cb5930{display: block!important;}}@media screen and (max-width: 767px) {.thegem-vc-text.thegem-custom-6a05bb81e26cb5930{display: block!important;}}@media screen and (max-width: 1023px) {.thegem-vc-text.thegem-custom-6a05bb81e26cb5930{position: relative !important;}}@media screen and (max-width: 767px) {.thegem-vc-text.thegem-custom-6a05bb81e26cb5930{position: relative !important;}}<\/style>\r\n\t\t<\/div>\r\n\t\r\n<\/div><\/div><\/div><div class=\"button-container wpb_column vc_column_container vc_col-sm-4 thegem-custom-6a05bb81e2b018818\"><div class=\"vc_column-inner thegem-custom-inner-6a05bb81e2b03\"><div class=\"wpb_wrapper thegem-custom-6a05bb81e2b018818\"><\/div><\/div><\/div><\/div><div class=\"vc_row-full-width vc_clearfix\"><\/div><div class=\"vc_row-full-width-before\"><\/div><div id=\"vc_row-6a05bb81e309c\" data-vc-full-width=\"true\" data-vc-full-width-init=\"false\" class=\"vc_row wpb_row vc_row-fluid section-contact vc_custom_1678184495027 thegem-custom-6a05bb81e30892834 vc_row-has-fill\"><script type=\"text\/javascript\">if (typeof(gem_fix_fullwidth_position) == \"function\") { gem_fix_fullwidth_position(document.getElementById(\"vc_row-6a05bb81e309c\")); }<\/script><div class=\"wpb_column vc_column_container vc_col-sm-12 thegem-custom-6a05bb81e35148812\"><div class=\"vc_column-inner thegem-custom-inner-6a05bb81e3516\"><div class=\"wpb_wrapper thegem-custom-6a05bb81e35148812\">\r\n\t\r\n\t\t<div class=\"wpb_text_column wpb_content_element  thegem-vc-text thegem-custom-6a05bb81e37a29028\"  >\r\n\t\t\t<div class=\"wpb_wrapper\">\r\n\t\t\t\t<p><strong>Welche Bedeutung hat der U-Wert (fr\u00fcher bekannt als K-WERT)?<\/strong><br \/>\nU-Wert = W\u00e4rmedurchgangskoeffizient = ein Ma\u00df f\u00fcr den W\u00e4rmedurchgang durch einen Bauteil und wird in W\/(m\u00b2K) angegeben. Jeder Baustoff leitet W\u00e4rme oder K\u00e4lte &#8211; manche mehr manche weniger. Je geringer der U-Wert ist umso geringer sind die zu erwartenden Heizkosten f\u00fcr ein Haus.<\/p>\n\r\n\t\t\t<\/div>\r\n\t\t\t<style>@media screen and (max-width: 1023px) {.thegem-vc-text.thegem-custom-6a05bb81e37a29028{display: block!important;}}@media screen and (max-width: 767px) {.thegem-vc-text.thegem-custom-6a05bb81e37a29028{display: block!important;}}@media screen and (max-width: 1023px) {.thegem-vc-text.thegem-custom-6a05bb81e37a29028{position: relative !important;}}@media screen and (max-width: 767px) {.thegem-vc-text.thegem-custom-6a05bb81e37a29028{position: relative !important;}}<\/style>\r\n\t\t<\/div>\r\n\t\r\n\r\n\t\r\n\t\t<div class=\"wpb_text_column wpb_content_element  thegem-vc-text thegem-custom-6a05bb81e39bc590\"  >\r\n\t\t\t<div class=\"wpb_wrapper\">\r\n\t\t\t\t<p><strong>Mit welchem U-Wert kann man bei einem Holzhaus rechnen?<\/strong><br \/>\nHier punktet der Werkstoff Holz ganz besonders. So besitzt z.B. eine 12cm dicke Blockwand denselben U-Wert wie eine 38cm dicke Ziegelwand oder gar eine 1,5m dicke Betonwand.<\/p>\n\r\n\t\t\t<\/div>\r\n\t\t\t<style>@media screen and (max-width: 1023px) {.thegem-vc-text.thegem-custom-6a05bb81e39bc590{display: block!important;}}@media screen and (max-width: 767px) {.thegem-vc-text.thegem-custom-6a05bb81e39bc590{display: block!important;}}@media screen and (max-width: 1023px) {.thegem-vc-text.thegem-custom-6a05bb81e39bc590{position: relative !important;}}@media screen and (max-width: 767px) {.thegem-vc-text.thegem-custom-6a05bb81e39bc590{position: relative !important;}}<\/style>\r\n\t\t<\/div>\r\n\t\r\n\r\n\t\r\n\t\t<div class=\"wpb_text_column wpb_content_element  thegem-vc-text thegem-custom-6a05bb81e3bd32479\"  >\r\n\t\t\t<div class=\"wpb_wrapper\">\r\n\t\t\t\t<p><strong>Woher stammt das von Ihnen verarbeitete Holz?<\/strong><br \/>\nDas von uns verarbeitete Holz kommt ausschlie\u00dflich aus \u00f6sterreichischen, nachhaltig bewirtschafteten Gebirgsw\u00e4ldern! Aufgrund des langsamen Wachstums, ist das dort entstehende Holz besonders &#8222;Feinjahrig&#8220; und dadurch qualitativ sehr hochwertig.<\/p>\n\r\n\t\t\t<\/div>\r\n\t\t\t<style>@media screen and (max-width: 1023px) {.thegem-vc-text.thegem-custom-6a05bb81e3bd32479{display: block!important;}}@media screen and (max-width: 767px) {.thegem-vc-text.thegem-custom-6a05bb81e3bd32479{display: block!important;}}@media screen and (max-width: 1023px) {.thegem-vc-text.thegem-custom-6a05bb81e3bd32479{position: relative !important;}}@media screen and (max-width: 767px) {.thegem-vc-text.thegem-custom-6a05bb81e3bd32479{position: relative !important;}}<\/style>\r\n\t\t<\/div>\r\n\t\r\n\r\n\t\r\n\t\t<div class=\"wpb_text_column wpb_content_element  thegem-vc-text thegem-custom-6a05bb81e3dd69767\"  >\r\n\t\t\t<div class=\"wpb_wrapper\">\r\n\t\t\t\t<p><strong>Wie oft muss man ein Holzhaus streichen?<\/strong><br \/>\nAlle Holzh\u00e4user, unabh\u00e4ngig vom Hersteller, sollten in regelm\u00e4\u00dfigen Abst\u00e4nden mit einer offenporigen Lasur (nicht Lack) behandelt werden. Das empfohlene Intervall h\u00e4ngt stark vom Bauort und vom Farbanstrich ab. Es ist wichtig, dass man die Wetter- und S\u00fcdseite mit starker Sonneneinstrahlung beim ersten Mal \u00e4u\u00dferst sorgf\u00e4ltig behandelt und dass der Anstrich bei Bedarf aufgefrischt wird.<\/p>\n\r\n\t\t\t<\/div>\r\n\t\t\t<style>@media screen and (max-width: 1023px) {.thegem-vc-text.thegem-custom-6a05bb81e3dd69767{display: block!important;}}@media screen and (max-width: 767px) {.thegem-vc-text.thegem-custom-6a05bb81e3dd69767{display: block!important;}}@media screen and (max-width: 1023px) {.thegem-vc-text.thegem-custom-6a05bb81e3dd69767{position: relative !important;}}@media screen and (max-width: 767px) {.thegem-vc-text.thegem-custom-6a05bb81e3dd69767{position: relative !important;}}<\/style>\r\n\t\t<\/div>\r\n\t\r\n\r\n\t\r\n\t\t<div class=\"wpb_text_column wpb_content_element  thegem-vc-text thegem-custom-6a05bb81e3fea2665\"  >\r\n\t\t\t<div class=\"wpb_wrapper\">\r\n\t\t\t\t<p><strong>Welche Holzarten kommen bei Ihnen zum Einsatz?<\/strong><br \/>\nVorwiegend Fichte, Kiefer, Weymouthskiefer und in geringen Mengen auch L\u00e4rchenholz. Aber grunds\u00e4tzlich kann jede beliebige Holzart nach Wunsch des Kunden verwendet werden. Zu Ber\u00fccksichtigen ist jedoch hierbei, aufgrund Lagerkapazit\u00e4ten, eine gewisse &#8222;Bestellzeit&#8220;.<\/p>\n\r\n\t\t\t<\/div>\r\n\t\t\t<style>@media screen and (max-width: 1023px) {.thegem-vc-text.thegem-custom-6a05bb81e3fea2665{display: block!important;}}@media screen and (max-width: 767px) {.thegem-vc-text.thegem-custom-6a05bb81e3fea2665{display: block!important;}}@media screen and (max-width: 1023px) {.thegem-vc-text.thegem-custom-6a05bb81e3fea2665{position: relative !important;}}@media screen and (max-width: 767px) {.thegem-vc-text.thegem-custom-6a05bb81e3fea2665{position: relative !important;}}<\/style>\r\n\t\t<\/div>\r\n\t\r\n\r\n\t\r\n\t\t<div class=\"wpb_text_column wpb_content_element  thegem-vc-text thegem-custom-6a05bb81e41ed3443\"  >\r\n\t\t\t<div class=\"wpb_wrapper\">\r\n\t\t\t\t<p><strong>K\u00f6nnen Sie auch individuelle Modulh\u00e4user nach Architektenzeichnungen des Bauherrn liefern?<\/strong><br \/>\nSelbstverst\u00e4ndlich! Alle Projekte werden individuell nach Wunsch des Kunden entworfen und k\u00f6nnen exakt nach Vorgaben von Architekten ausgef\u00fchrt werden. Auch unser hauseigenes Planungsb\u00fcro steht Ihnen jederzeit zur Verf\u00fcgung und erarbeitet nach Ihren speziellen W\u00fcnschen und Bed\u00fcrfnissen ein einzigartiges Musterobjekt.<\/p>\n\r\n\t\t\t<\/div>\r\n\t\t\t<style>@media screen and (max-width: 1023px) {.thegem-vc-text.thegem-custom-6a05bb81e41ed3443{display: block!important;}}@media screen and (max-width: 767px) {.thegem-vc-text.thegem-custom-6a05bb81e41ed3443{display: block!important;}}@media screen and (max-width: 1023px) {.thegem-vc-text.thegem-custom-6a05bb81e41ed3443{position: relative !important;}}@media screen and (max-width: 767px) {.thegem-vc-text.thegem-custom-6a05bb81e41ed3443{position: relative !important;}}<\/style>\r\n\t\t<\/div>\r\n\t\r\n\r\n\t\r\n\t\t<div class=\"wpb_text_column wpb_content_element  thegem-vc-text thegem-custom-6a05bb81e44442899\"  >\r\n\t\t\t<div class=\"wpb_wrapper\">\r\n\t\t\t\t<p><strong>Welche Au\u00dfenwandaufbauten kann Kuchler Blockhaus realisieren?<\/strong><br \/>\nWir unterscheiden zwischen Block- und Modulwandkonstruktionen! Genaue Informationen diesbez\u00fcglich finden Sie auf unserer Homepage unter Blockhaus und Modulhaus.<\/p>\n\r\n\t\t\t<\/div>\r\n\t\t\t<style>@media screen and (max-width: 1023px) {.thegem-vc-text.thegem-custom-6a05bb81e44442899{display: block!important;}}@media screen and (max-width: 767px) {.thegem-vc-text.thegem-custom-6a05bb81e44442899{display: block!important;}}@media screen and (max-width: 1023px) {.thegem-vc-text.thegem-custom-6a05bb81e44442899{position: relative !important;}}@media screen and (max-width: 767px) {.thegem-vc-text.thegem-custom-6a05bb81e44442899{position: relative !important;}}<\/style>\r\n\t\t<\/div>\r\n\t\r\n\r\n\t\r\n\t\t<div class=\"wpb_text_column wpb_content_element  thegem-vc-text thegem-custom-6a05bb81e464c4261\"  >\r\n\t\t\t<div class=\"wpb_wrapper\">\r\n\t\t\t\t<p><strong>Ist eine Bauberatung bzw. ein Angebot kostenlos?<\/strong><br \/>\nF\u00fcr das Bauangebot nach den individuellen Architektenzeichnungen des Bauherrn ist ein unverbindlicher Beratungs- und Besichtigungstermin bei uns Voraussetzung. F\u00fcr ein Festpreisangebot werden komplette Hauptzeichnungen inklusive Schnitte und Lageplan ben\u00f6tigt. Per Post oder Fax zugesandte &#8222;blinde&#8220; Anfragen ohne Telefonnummer f\u00fcr R\u00fccksprachen k\u00f6nnen nicht bearbeitet werden.<\/p>\n\r\n\t\t\t<\/div>\r\n\t\t\t<style>@media screen and (max-width: 1023px) {.thegem-vc-text.thegem-custom-6a05bb81e464c4261{display: block!important;}}@media screen and (max-width: 767px) {.thegem-vc-text.thegem-custom-6a05bb81e464c4261{display: block!important;}}@media screen and (max-width: 1023px) {.thegem-vc-text.thegem-custom-6a05bb81e464c4261{position: relative !important;}}@media screen and (max-width: 767px) {.thegem-vc-text.thegem-custom-6a05bb81e464c4261{position: relative !important;}}<\/style>\r\n\t\t<\/div>\r\n\t\r\n\r\n\t\r\n\t\t<div class=\"wpb_text_column wpb_content_element  thegem-vc-text thegem-custom-6a05bb81e48472937\"  >\r\n\t\t\t<div class=\"wpb_wrapper\">\r\n\t\t\t\t<p><strong>Haben Sie auch Musterh\u00e4user bzw. Referenzh\u00e4user zur Begutachtung?<\/strong><br \/>\nDa wir bereits \u00fcber 1500 zufriedene Kunden nachweisen k\u00f6nnen, besteht auch nach Absprache die M\u00f6glichkeit einer Hausbesichtigung.<\/p>\n\r\n\t\t\t<\/div>\r\n\t\t\t<style>@media screen and (max-width: 1023px) {.thegem-vc-text.thegem-custom-6a05bb81e48472937{display: block!important;}}@media screen and (max-width: 767px) {.thegem-vc-text.thegem-custom-6a05bb81e48472937{display: block!important;}}@media screen and (max-width: 1023px) {.thegem-vc-text.thegem-custom-6a05bb81e48472937{position: relative !important;}}@media screen and (max-width: 767px) {.thegem-vc-text.thegem-custom-6a05bb81e48472937{position: relative !important;}}<\/style>\r\n\t\t<\/div>\r\n\t\r\n<\/div><\/div><\/div><\/div><div class=\"vc_row-full-width vc_clearfix\"><\/div><div class=\"wpb_column vc_column_container vc_col-sm-12 thegem-custom-6a05bb81e4d0a9922\"><div class=\"vc_column-inner thegem-custom-inner-6a05bb81e4d0c\"><div class=\"wpb_wrapper thegem-custom-6a05bb81e4d0a9922\"><\/div><\/div><\/div>\n<\/section>","protected":false},"excerpt":{"rendered":"","protected":false},"author":1,"featured_media":0,"parent":0,"menu_order":0,"comment_status":"closed","ping_status":"closed","template":"","meta":{"footnotes":""},"class_list":["post-25521","page","type-page","status-publish"],"yoast_head":"<!-- This site is optimized with the Yoast SEO plugin v20.2.1 - https:\/\/yoast.com\/wordpress\/plugins\/seo\/ -->\n<title>FAQ - Kuchler Blockhaus<\/title>\n<meta name=\"robots\" content=\"noindex, follow, max-snippet:-1, max-image-preview:large, max-video-preview:-1\" \/>\n<meta property=\"og:locale\" content=\"en_US\" \/>\n<meta property=\"og:type\" content=\"article\" \/>\n<meta property=\"og:title\" content=\"FAQ - Kuchler Blockhaus\" \/>\n<meta property=\"og:url\" content=\"https:\/\/kuchlerblockhaus.web11.mehrdafon.com\/en\/faq\/\" \/>\n<meta property=\"og:site_name\" content=\"Kuchler Blockhaus\" \/>\n<meta property=\"article:modified_time\" content=\"2023-03-08T09:36:57+00:00\" \/>\n<meta name=\"twitter:card\" content=\"summary_large_image\" \/>\n<meta name=\"twitter:label1\" content=\"Est. reading time\" \/>\n\t<meta name=\"twitter:data1\" content=\"3 minutes\" \/>\n<script type=\"application\/ld+json\" class=\"yoast-schema-graph\">{\"@context\":\"https:\/\/schema.org\",\"@graph\":[{\"@type\":\"WebPage\",\"@id\":\"https:\/\/kuchlerblockhaus.web11.mehrdafon.com\/faq\/\",\"url\":\"https:\/\/kuchlerblockhaus.web11.mehrdafon.com\/faq\/\",\"name\":\"FAQ - Kuchler Blockhaus\",\"isPartOf\":{\"@id\":\"https:\/\/kuchlerblockhaus.web11.mehrdafon.com\/#website\"},\"datePublished\":\"2022-10-17T08:38:35+00:00\",\"dateModified\":\"2023-03-08T09:36:57+00:00\",\"breadcrumb\":{\"@id\":\"https:\/\/kuchlerblockhaus.web11.mehrdafon.com\/faq\/#breadcrumb\"},\"inLanguage\":\"en-US\",\"potentialAction\":[{\"@type\":\"ReadAction\",\"target\":[\"https:\/\/kuchlerblockhaus.web11.mehrdafon.com\/faq\/\"]}]},{\"@type\":\"BreadcrumbList\",\"@id\":\"https:\/\/kuchlerblockhaus.web11.mehrdafon.com\/faq\/#breadcrumb\",\"itemListElement\":[{\"@type\":\"ListItem\",\"position\":1,\"name\":\"Startseite\",\"item\":\"https:\/\/kuchlerblockhaus.web11.mehrdafon.com\/\"},{\"@type\":\"ListItem\",\"position\":2,\"name\":\"FAQ\"}]},{\"@type\":\"WebSite\",\"@id\":\"https:\/\/kuchlerblockhaus.web11.mehrdafon.com\/#website\",\"url\":\"https:\/\/kuchlerblockhaus.web11.mehrdafon.com\/\",\"name\":\"Kuchler Blockhaus\",\"description\":\"Just another WordPress site\",\"potentialAction\":[{\"@type\":\"SearchAction\",\"target\":{\"@type\":\"EntryPoint\",\"urlTemplate\":\"https:\/\/kuchlerblockhaus.web11.mehrdafon.com\/?s={search_term_string}\"},\"query-input\":\"required name=search_term_string\"}],\"inLanguage\":\"en-US\"}]}<\/script>\n<!-- \/ Yoast SEO plugin. -->","yoast_head_json":{"title":"FAQ - Kuchler Blockhaus","robots":{"index":"noindex","follow":"follow","max-snippet":"max-snippet:-1","max-image-preview":"max-image-preview:large","max-video-preview":"max-video-preview:-1"},"og_locale":"en_US","og_type":"article","og_title":"FAQ - Kuchler Blockhaus","og_url":"https:\/\/kuchlerblockhaus.web11.mehrdafon.com\/en\/faq\/","og_site_name":"Kuchler Blockhaus","article_modified_time":"2023-03-08T09:36:57+00:00","twitter_card":"summary_large_image","twitter_misc":{"Est. reading time":"3 minutes"},"schema":{"@context":"https:\/\/schema.org","@graph":[{"@type":"WebPage","@id":"https:\/\/kuchlerblockhaus.web11.mehrdafon.com\/faq\/","url":"https:\/\/kuchlerblockhaus.web11.mehrdafon.com\/faq\/","name":"FAQ - Kuchler Blockhaus","isPartOf":{"@id":"https:\/\/kuchlerblockhaus.web11.mehrdafon.com\/#website"},"datePublished":"2022-10-17T08:38:35+00:00","dateModified":"2023-03-08T09:36:57+00:00","breadcrumb":{"@id":"https:\/\/kuchlerblockhaus.web11.mehrdafon.com\/faq\/#breadcrumb"},"inLanguage":"en-US","potentialAction":[{"@type":"ReadAction","target":["https:\/\/kuchlerblockhaus.web11.mehrdafon.com\/faq\/"]}]},{"@type":"BreadcrumbList","@id":"https:\/\/kuchlerblockhaus.web11.mehrdafon.com\/faq\/#breadcrumb","itemListElement":[{"@type":"ListItem","position":1,"name":"Startseite","item":"https:\/\/kuchlerblockhaus.web11.mehrdafon.com\/"},{"@type":"ListItem","position":2,"name":"FAQ"}]},{"@type":"WebSite","@id":"https:\/\/kuchlerblockhaus.web11.mehrdafon.com\/#website","url":"https:\/\/kuchlerblockhaus.web11.mehrdafon.com\/","name":"Kuchler Blockhaus","description":"Just another WordPress site","potentialAction":[{"@type":"SearchAction","target":{"@type":"EntryPoint","urlTemplate":"https:\/\/kuchlerblockhaus.web11.mehrdafon.com\/?s={search_term_string}"},"query-input":"required name=search_term_string"}],"inLanguage":"en-US"}]}},"_links":{"self":[{"href":"https:\/\/kuchlerblockhaus.web11.mehrdafon.com\/en\/wp-json\/wp\/v2\/pages\/25521","targetHints":{"allow":["GET"]}}],"collection":[{"href":"https:\/\/kuchlerblockhaus.web11.mehrdafon.com\/en\/wp-json\/wp\/v2\/pages"}],"about":[{"href":"https:\/\/kuchlerblockhaus.web11.mehrdafon.com\/en\/wp-json\/wp\/v2\/types\/page"}],"author":[{"embeddable":true,"href":"https:\/\/kuchlerblockhaus.web11.mehrdafon.com\/en\/wp-json\/wp\/v2\/users\/1"}],"replies":[{"embeddable":true,"href":"https:\/\/kuchlerblockhaus.web11.mehrdafon.com\/en\/wp-json\/wp\/v2\/comments?post=25521"}],"version-history":[{"count":18,"href":"https:\/\/kuchlerblockhaus.web11.mehrdafon.com\/en\/wp-json\/wp\/v2\/pages\/25521\/revisions"}],"predecessor-version":[{"id":29441,"href":"https:\/\/kuchlerblockhaus.web11.mehrdafon.com\/en\/wp-json\/wp\/v2\/pages\/25521\/revisions\/29441"}],"wp:attachment":[{"href":"https:\/\/kuchlerblockhaus.web11.mehrdafon.com\/en\/wp-json\/wp\/v2\/media?parent=25521"}],"curies":[{"name":"wp","href":"https:\/\/api.w.org\/{rel}","templated":true}]}}